{"id":263,"date":"2025-02-26T22:43:47","date_gmt":"2025-02-26T22:43:47","guid":{"rendered":"https:\/\/www.aleminversiones.com.ar\/?page_id=263"},"modified":"2025-04-10T16:12:05","modified_gmt":"2025-04-10T16:12:05","slug":"somos","status":"publish","type":"page","link":"https:\/\/www.aleminversiones.com.ar\/index.php\/somos\/","title":{"rendered":"Somos"},"content":{"rendered":"\t\t<div data-elementor-type=\"wp-page\" data-elementor-id=\"263\" class=\"elementor elementor-263\" data-elementor-post-type=\"page\">\n\t\t\t\t<div class=\"elementor-element elementor-element-291117f e-flex e-con-boxed e-con e-parent\" data-id=\"291117f\" data-element_type=\"container\">\n\t\t\t\t\t<div class=\"e-con-inner\">\n\t\t\t\t<div class=\"elementor-element elementor-element-3f96e51 elementor-widget elementor-widget-image-box\" data-id=\"3f96e51\" data-element_type=\"widget\" data-widget_type=\"image-box.default\">\n\t\t\t\t<div class=\"elementor-widget-container\">\n\t\t\t\t\t<div class=\"elementor-image-box-wrapper\"><div class=\"elementor-image-box-content\"><h4 class=\"elementor-image-box-title\">\u00bfQui\u00e9nes somos?<\/h4><\/div><\/div>\t\t\t\t<\/div>\n\t\t\t\t<\/div>\n\t\t\t\t<div class=\"elementor-element elementor-element-7c581ad elementor-widget elementor-widget-image-box\" data-id=\"7c581ad\" data-element_type=\"widget\" data-widget_type=\"image-box.default\">\n\t\t\t\t<div class=\"elementor-widget-container\">\n\t\t\t\t\t<div class=\"elementor-image-box-wrapper\"><div class=\"elementor-image-box-content\"><h4 class=\"elementor-image-box-title\">Somos experiencia<\/h4><\/div><\/div>\t\t\t\t<\/div>\n\t\t\t\t<\/div>\n\t\t\t\t<div class=\"elementor-element elementor-element-c1ca23a elementor-hidden-mobile elementor-widget elementor-widget-spacer\" data-id=\"c1ca23a\" data-element_type=\"widget\" data-widget_type=\"spacer.default\">\n\t\t\t\t<div class=\"elementor-widget-container\">\n\t\t\t\t\t\t\t<div class=\"elementor-spacer\">\n\t\t\t<div class=\"elementor-spacer-inner\"><\/div>\n\t\t<\/div>\n\t\t\t\t\t\t<\/div>\n\t\t\t\t<\/div>\n\t\t\t\t<div class=\"elementor-element elementor-element-2c96772 elementor-widget elementor-widget-text-editor\" data-id=\"2c96772\" data-element_type=\"widget\" data-widget_type=\"text-editor.default\">\n\t\t\t\t<div class=\"elementor-widget-container\">\n\t\t\t\t\t\t\t\t\t<p>Arq. Edgardo P\u00e9rez, titular de A 36 con amplia experiencia en lo referente al desarrollo y construcci\u00f3n, empresa constructora y de arquitectura. ver www.a36obras.com a cargo del dise\u00f1o y ejecucion del proyecto.<\/p><p>\u00a0<\/p><p>CPN Daniel Ruben Bolatti, socio gerente Alem Inversiones SRL, administrador fiduciario de los fideicomisos Alem 1, Alem 2, Alem 3, Alem 4, Alem 5 , Fideicomiso Altos de Beban, Fideicomiso Centro y Fideicomiso Alem Norte (Santa Fe), a cargo de la gesti\u00f3n integral del proyecto (dise\u00f1o del negocio, contratos, ejecuci\u00f3n y venta).<\/p><p>\u00a0<\/p><p>CPN Pablo Tabares, auditor de los citados fideicomisos, socio gerente de Santa Fe Fiduciaria srl ,inversor y operador de los Hoteles Col\u00f3n y Puerto Amarras de Santa Fe con amplia experiencia en el negocio, accionista de Integrar ALYC sociedad de bolsa.<\/p><p>\u00a0<\/p><p>CPN Hugo Stratta, titular de ORCU inmobiliaria , importante empresa inmobiliaria de Santa Fe, www.orcuinmobiliaria.com.ar<\/p><p>\u00a0<\/p><p>Escribano Mart\u00edn Vigo Lamas, ,a cargo de la confecci\u00f3n de los contratos necesarios. Escribano del Bco. de Santa Fe, del grupo PILAY y presidente\u00a0de la Bolsa de Comercio de SANTA FE. www.escribaniavigo.com.ar<\/p><p>\u00a0<\/p><p>Aldo Benedettattu, de Inmobiliaria Valdes, la mayor y mas conocida inmobiliaria de Ushuaia, www.inmobiliriavaldes.com.ar<\/p><p>\u00a0<\/p>\t\t\t\t\t\t\t\t<\/div>\n\t\t\t\t<\/div>\n\t\t\t\t\t<\/div>\n\t\t\t\t<\/div>\n\t\t\t\t<\/div>\n\t\t","protected":false},"excerpt":{"rendered":"<p>\u00bfQui\u00e9nes somos? Somos experiencia Arq. Edgardo P\u00e9rez, titular de A 36 con amplia experiencia en lo referente al desarrollo y construcci\u00f3n, empresa constructora y de arquitectura. ver www.a36obras.com a cargo del dise\u00f1o y ejecucion del proyecto. \u00a0 CPN Daniel Ruben Bolatti, socio gerente Alem Inversiones SRL, administrador fiduciario de los fideicomisos Alem 1, Alem 2, [&hellip;]<\/p>\n","protected":false},"author":1,"featured_media":0,"parent":0,"menu_order":0,"comment_status":"closed","ping_status":"closed","template":"","meta":{"footnotes":""},"class_list":["post-263","page","type-page","status-publish","hentry"],"_links":{"self":[{"href":"https:\/\/www.aleminversiones.com.ar\/index.php\/wp-json\/wp\/v2\/pages\/263","targetHints":{"allow":["GET"]}}],"collection":[{"href":"https:\/\/www.aleminversiones.com.ar\/index.php\/wp-json\/wp\/v2\/pages"}],"about":[{"href":"https:\/\/www.aleminversiones.com.ar\/index.php\/wp-json\/wp\/v2\/types\/page"}],"author":[{"embeddable":true,"href":"https:\/\/www.aleminversiones.com.ar\/index.php\/wp-json\/wp\/v2\/users\/1"}],"replies":[{"embeddable":true,"href":"https:\/\/www.aleminversiones.com.ar\/index.php\/wp-json\/wp\/v2\/comments?post=263"}],"version-history":[{"count":34,"href":"https:\/\/www.aleminversiones.com.ar\/index.php\/wp-json\/wp\/v2\/pages\/263\/revisions"}],"predecessor-version":[{"id":547,"href":"https:\/\/www.aleminversiones.com.ar\/index.php\/wp-json\/wp\/v2\/pages\/263\/revisions\/547"}],"wp:attachment":[{"href":"https:\/\/www.aleminversiones.com.ar\/index.php\/wp-json\/wp\/v2\/media?parent=263"}],"curies":[{"name":"wp","href":"https:\/\/api.w.org\/{rel}","templated":true}]}}