{"id":269,"date":"2025-02-26T22:47:57","date_gmt":"2025-02-26T22:47:57","guid":{"rendered":"https:\/\/www.aleminversiones.com.ar\/?page_id=269"},"modified":"2025-04-10T13:05:36","modified_gmt":"2025-04-10T13:05:36","slug":"exencion","status":"publish","type":"page","link":"https:\/\/www.aleminversiones.com.ar\/index.php\/exencion\/","title":{"rendered":"Exenci\u00f3n"},"content":{"rendered":"\t\t<div data-elementor-type=\"wp-page\" data-elementor-id=\"269\" class=\"elementor elementor-269\" data-elementor-post-type=\"page\">\n\t\t\t\t<div class=\"elementor-element elementor-element-e5909a4 e-flex e-con-boxed e-con e-parent\" data-id=\"e5909a4\" data-element_type=\"container\" data-settings=\"{&quot;background_background&quot;:&quot;classic&quot;}\">\n\t\t\t\t\t<div class=\"e-con-inner\">\n\t\t\t\t<div class=\"elementor-element elementor-element-546519f elementor-widget elementor-widget-image-box\" data-id=\"546519f\" data-element_type=\"widget\" data-widget_type=\"image-box.default\">\n\t\t\t\t<div class=\"elementor-widget-container\">\n\t\t\t\t\t<div class=\"elementor-image-box-wrapper\"><div class=\"elementor-image-box-content\"><h4 class=\"elementor-image-box-title\">Beneficios para Propietarios<\/h4><\/div><\/div>\t\t\t\t<\/div>\n\t\t\t\t<\/div>\n\t\t\t\t<div class=\"elementor-element elementor-element-fedcb0f elementor-widget elementor-widget-image-box\" data-id=\"fedcb0f\" data-element_type=\"widget\" data-widget_type=\"image-box.default\">\n\t\t\t\t<div class=\"elementor-widget-container\">\n\t\t\t\t\t<div class=\"elementor-image-box-wrapper\"><div class=\"elementor-image-box-content\"><h4 class=\"elementor-image-box-title\">Exenci\u00f3n Impositiva<\/h4><\/div><\/div>\t\t\t\t<\/div>\n\t\t\t\t<\/div>\n\t\t\t\t<div class=\"elementor-element elementor-element-4d45071 elementor-widget elementor-widget-text-editor\" data-id=\"4d45071\" data-element_type=\"widget\" data-widget_type=\"text-editor.default\">\n\t\t\t\t<div class=\"elementor-widget-container\">\n\t\t\t\t\t\t\t\t\t<p><strong>PRIMER PUNTO<\/strong><\/p><p>Con respecto al tratamiento impositivo a dispensar cada uno de los FIDUCIANTES\/ADQUIRIENTES, su an\u00e1lisis deber\u00e1 efectuarse considerando cada una de las situaciones fiscales personales de los mismos, es decir, debiendo tener en cuenta el resto de sus actividades personales y que generan o no, ante el fisco, obligaciones impositivas.\u00a0<\/p><p><strong>SEGUNTO PUNTO<\/strong><\/p><p>En primer lugar debe tenerse presente que la Pcia.. de Tierra del Fuego, se encuentra beneficiada con el r\u00e9gimen impositivo instaurado por la Ley Nacional 19.640, consider\u00e1ndose a \u00e9sta, zona franca a los efectos aduaneros. Como consecuencia de ello, rige la EXENCION en el PAGO de los Impuestos Nacionales, creados o a crearse (siempre que cumplan ciertos requisitos) y que rigen o regir\u00edan en el Territorio Continental. Tal beneficio de \u201cexenci\u00f3n en el pago\u201d, y remarco la frase, atento a que no obstante ello, subsisten las obligaciones impositivas \u201cformales\u201d en cuanto a su tratamiento. De lo anteriormente indicado, se desprende que tanto en el impuesto a las GANANCIAS, sobre los BIENES PERSONALES y en el IVA, rige la liberaci\u00f3n en el pago de los mismos pero no libera al contribuyente, como antes expres\u00e9, de las obligaciones formales frente al Fisco. Con lo vertido hasta aqu\u00ed, queda en claro que por los hechos imponibles que se generen dentro de los l\u00edmites de la provincia &#8211; Imp. a las Ganancias e IVA &#8211; y por los Bienes situados en la misma &#8211; Bienes Personales &#8211; y que gocen de tal franquicia, se encuentran exentos en cuanto al pago, es decir, los contribuyentes que obtengan tales ganancias o posean tales bienes, por \u00e9stos, NO PAGAN tales impuestos. Seguidamente se expone el tratamiento que, en l\u00edneas generales, corresponder\u00eda otorgar a la participaci\u00f3n de los FIDUCIANTES\/ADQUIRIENTES en sus Declaraciones Juradas del Impuesto a las Ganancias y Sobre los Bienes Personales, recordando siempre lo detallado en el primer punto(depender\u00e1 de las situaciones particulares de cada contribuyente-fiduciario):<\/p><p><strong>IMPUESTO A LAS GANANCIAS<\/strong><\/p><p>En primer lugar debemos recordar que en el caso especial del e FIDEICOMISO de construcci\u00f3n, hasta tanto no se termine la obra y se decida el destino que se otorgar\u00e1 a las unidades construidas (alquiler, venta, etc), no habr\u00e1 ganancia generada ni realizada. Cumplidos los requisitos de ley, la misma se encontrar\u00e1 exenta del pago. Esta ganancia en cabeza de cada uno de los FIDUCIANTES\/ADQUIRIENTES a su vez estar\u00e1 exenta pero deber\u00e1 ser declarada, como expresa la ley, bajo el concepto de Ganancias Exentas. Ahora bien, hasta tanto no se obtenga y realice esta ganancia por parte de cada uno de los FIDUCIANTES\/ADQUIRIENTES, y al no existir la misma, lo que debe analizarse es el tratamiento que deben dispensarle cada uno los FIDUCIANTES\/ADQUIRIENTES a los aportes o sumas de dinero que est\u00e1n invirtiendo en el proyecto, las cuales incidir\u00e1n en las respectivas DDJJ s\u00f3lo en la parte de la Justificaci\u00f3n Patrimonial. Tales aportes\/pagos revisten para ellos una INVERSI\u00d3N y solo incidir\u00e1 en sus DDJJ de este Impuesto en la parte PATRIMONIAL, debiendo estar justificados esos aportes efectuados.<\/p><p><strong>BIENES PERSONALES:<\/strong><\/p><p>Con respecto a este Impuesto, rige la misma franquicia otorgada por la Ley 19.640 que en el Impuesto a las Ganancias, el cual antes detalle. En el caso espec\u00edfico de este Impuesto, la redacci\u00f3n de la Ley N\u00ba 23.966 expresa en su Art. 21 inciso e) &#8211; \u201c\u2026Estar\u00e1n exentos del Impuesto\u2026\u2026.e) Los bienes amparados por las franquicias de la Ley 19.640\u2026\u201d. Al igual que lo expresado anteriormente, el tratamiento a analizar debe referirse a las inversiones que surgen de los aportes o sumas invertidas, deben ser considerados exentos dentro de la DDJJ de este Impuesto.<\/p>\t\t\t\t\t\t\t\t<\/div>\n\t\t\t\t<\/div>\n\t\t\t\t\t<\/div>\n\t\t\t\t<\/div>\n\t\t\t\t<\/div>\n\t\t","protected":false},"excerpt":{"rendered":"<p>Beneficios para Propietarios Exenci\u00f3n Impositiva PRIMER PUNTO Con respecto al tratamiento impositivo a dispensar cada uno de los FIDUCIANTES\/ADQUIRIENTES, su an\u00e1lisis deber\u00e1 efectuarse considerando cada una de las situaciones fiscales personales de los mismos, es decir, debiendo tener en cuenta el resto de sus actividades personales y que generan o no, ante el fisco, obligaciones [&hellip;]<\/p>\n","protected":false},"author":1,"featured_media":0,"parent":0,"menu_order":0,"comment_status":"closed","ping_status":"closed","template":"","meta":{"footnotes":""},"class_list":["post-269","page","type-page","status-publish","hentry"],"_links":{"self":[{"href":"https:\/\/www.aleminversiones.com.ar\/index.php\/wp-json\/wp\/v2\/pages\/269","targetHints":{"allow":["GET"]}}],"collection":[{"href":"https:\/\/www.aleminversiones.com.ar\/index.php\/wp-json\/wp\/v2\/pages"}],"about":[{"href":"https:\/\/www.aleminversiones.com.ar\/index.php\/wp-json\/wp\/v2\/types\/page"}],"author":[{"embeddable":true,"href":"https:\/\/www.aleminversiones.com.ar\/index.php\/wp-json\/wp\/v2\/users\/1"}],"replies":[{"embeddable":true,"href":"https:\/\/www.aleminversiones.com.ar\/index.php\/wp-json\/wp\/v2\/comments?post=269"}],"version-history":[{"count":13,"href":"https:\/\/www.aleminversiones.com.ar\/index.php\/wp-json\/wp\/v2\/pages\/269\/revisions"}],"predecessor-version":[{"id":536,"href":"https:\/\/www.aleminversiones.com.ar\/index.php\/wp-json\/wp\/v2\/pages\/269\/revisions\/536"}],"wp:attachment":[{"href":"https:\/\/www.aleminversiones.com.ar\/index.php\/wp-json\/wp\/v2\/media?parent=269"}],"curies":[{"name":"wp","href":"https:\/\/api.w.org\/{rel}","templated":true}]}}